{"id":61,"date":"2022-08-29T09:33:49","date_gmt":"2022-08-29T09:33:49","guid":{"rendered":"https:\/\/montajescomercialesjbecuador.com\/?page_id=61"},"modified":"2026-03-25T14:29:51","modified_gmt":"2026-03-25T14:29:51","slug":"listado-obras","status":"publish","type":"page","link":"https:\/\/montajescomercialesjbecuador.com\/index.php\/listado-obras\/","title":{"rendered":"LISTADO OBRAS"},"content":{"rendered":"\n<div style=\"height:47px\" aria-hidden=\"true\" class=\"wp-block-spacer\"><\/div>\n\n\n\n<div class=\"wp-block-columns is-layout-flex wp-container-core-columns-is-layout-9d6595d7 wp-block-columns-is-layout-flex\">\n<div class=\"wp-block-column is-layout-flow wp-block-column-is-layout-flow\" style=\"flex-basis:25%\">\n<div class=\"alignnormal\"><div id=\"metaslider-id-111\" style=\"width: 100%;\" class=\"ml-slider-3-107-0 metaslider metaslider-flex metaslider-111 ml-slider ms-theme-default nav-hidden\" role=\"region\" aria-label=\"Diapositivas JB Ecuador\" data-height=\"330\" data-width=\"260\">\n    <div id=\"metaslider_container_111\">\n        <div id=\"metaslider_111\">\n            <ul class='slides'>\n                <li style=\"display: block; width: 100%;\" class=\"slide-132 ms-image \" aria-roledescription=\"slide\" data-date=\"2022-09-19 21:10:38\" data-filename=\"Grupo-de-12-objetos-1-scaled-260x330.jpg\" data-slide-type=\"image\"><img loading=\"lazy\" decoding=\"async\" src=\"https:\/\/montajescomercialesjbecuador.com\/wp-content\/uploads\/2022\/09\/Grupo-de-12-objetos-1-scaled-260x330.jpg\" height=\"330\" width=\"260\" alt=\"\" class=\"slider-111 slide-132 msDefaultImage\" title=\"Grupo-de-12-objetos-1\" \/><\/li>\n                <li style=\"display: none; width: 100%;\" class=\"slide-133 ms-image \" aria-roledescription=\"slide\" data-date=\"2022-09-19 21:10:38\" data-filename=\"Grupo-de-12-objetos-2-scaled-260x330.jpg\" data-slide-type=\"image\"><img loading=\"lazy\" decoding=\"async\" src=\"https:\/\/montajescomercialesjbecuador.com\/wp-content\/uploads\/2022\/09\/Grupo-de-12-objetos-2-scaled-260x330.jpg\" height=\"330\" width=\"260\" alt=\"\" class=\"slider-111 slide-133 msDefaultImage\" title=\"Grupo-de-12-objetos-2\" \/><\/li>\n                <li style=\"display: none; width: 100%;\" class=\"slide-134 ms-image \" aria-roledescription=\"slide\" data-date=\"2022-09-19 21:10:39\" data-filename=\"Grupo-de-12-objetos-3-scaled-260x330.jpg\" data-slide-type=\"image\"><img loading=\"lazy\" decoding=\"async\" src=\"https:\/\/montajescomercialesjbecuador.com\/wp-content\/uploads\/2022\/09\/Grupo-de-12-objetos-3-scaled-260x330.jpg\" height=\"330\" width=\"260\" alt=\"\" class=\"slider-111 slide-134 msDefaultImage\" title=\"Grupo-de-12-objetos-3\" \/><\/li>\n                <li style=\"display: none; width: 100%;\" class=\"slide-135 ms-image \" aria-roledescription=\"slide\" data-date=\"2022-09-19 21:10:39\" data-filename=\"Grupo-de-12-objetos-4-scaled-260x330.jpg\" data-slide-type=\"image\"><img loading=\"lazy\" decoding=\"async\" src=\"https:\/\/montajescomercialesjbecuador.com\/wp-content\/uploads\/2022\/09\/Grupo-de-12-objetos-4-scaled-260x330.jpg\" height=\"330\" width=\"260\" alt=\"\" class=\"slider-111 slide-135 msDefaultImage\" title=\"Grupo-de-12-objetos-4\" \/><\/li>\n                <li style=\"display: none; width: 100%;\" class=\"slide-136 ms-image \" aria-roledescription=\"slide\" data-date=\"2022-09-19 21:10:39\" data-filename=\"Grupo-de-12-objetos-5-scaled-260x330.jpg\" data-slide-type=\"image\"><img loading=\"lazy\" decoding=\"async\" src=\"https:\/\/montajescomercialesjbecuador.com\/wp-content\/uploads\/2022\/09\/Grupo-de-12-objetos-5-scaled-260x330.jpg\" height=\"330\" width=\"260\" alt=\"\" class=\"slider-111 slide-136 msDefaultImage\" title=\"Grupo-de-12-objetos-5\" \/><\/li>\n                <li style=\"display: none; width: 100%;\" class=\"slide-137 ms-image \" aria-roledescription=\"slide\" data-date=\"2022-09-19 21:10:40\" data-filename=\"Grupo-de-12-objetos-scaled-260x330.jpg\" data-slide-type=\"image\"><img loading=\"lazy\" decoding=\"async\" src=\"https:\/\/montajescomercialesjbecuador.com\/wp-content\/uploads\/2022\/09\/Grupo-de-12-objetos-scaled-260x330.jpg\" height=\"330\" width=\"260\" alt=\"\" class=\"slider-111 slide-137 msDefaultImage\" title=\"Grupo-de-12-objetos\" \/><\/li>\n                <li style=\"display: none; width: 100%;\" class=\"slide-138 ms-image \" aria-roledescription=\"slide\" data-date=\"2022-09-19 21:10:40\" data-filename=\"Grupo-de-13-objetos-1-scaled-260x330.jpg\" data-slide-type=\"image\"><img loading=\"lazy\" decoding=\"async\" src=\"https:\/\/montajescomercialesjbecuador.com\/wp-content\/uploads\/2022\/09\/Grupo-de-13-objetos-1-scaled-260x330.jpg\" height=\"330\" width=\"260\" alt=\"\" class=\"slider-111 slide-138 msDefaultImage\" title=\"Grupo-de-13-objetos-1\" \/><\/li>\n                <li style=\"display: none; width: 100%;\" class=\"slide-139 ms-image \" aria-roledescription=\"slide\" data-date=\"2022-09-19 21:10:41\" data-filename=\"Grupo-de-13-objetos-3-scaled-260x330.jpg\" data-slide-type=\"image\"><img loading=\"lazy\" decoding=\"async\" src=\"https:\/\/montajescomercialesjbecuador.com\/wp-content\/uploads\/2022\/09\/Grupo-de-13-objetos-3-scaled-260x330.jpg\" height=\"330\" width=\"260\" alt=\"\" class=\"slider-111 slide-139 msDefaultImage\" title=\"Grupo-de-13-objetos-3\" \/><\/li>\n                <li style=\"display: none; width: 100%;\" class=\"slide-140 ms-image \" aria-roledescription=\"slide\" data-date=\"2022-09-19 21:10:41\" data-filename=\"Grupo-de-13-objetos-scaled-260x330.jpg\" data-slide-type=\"image\"><img loading=\"lazy\" decoding=\"async\" src=\"https:\/\/montajescomercialesjbecuador.com\/wp-content\/uploads\/2022\/09\/Grupo-de-13-objetos-scaled-260x330.jpg\" height=\"330\" width=\"260\" alt=\"\" class=\"slider-111 slide-140 msDefaultImage\" title=\"Grupo-de-13-objetos\" \/><\/li>\n                <li style=\"display: none; width: 100%;\" class=\"slide-141 ms-image \" aria-roledescription=\"slide\" data-date=\"2022-09-19 21:10:41\" data-filename=\"Grupo-de-14-objetos-1-scaled-260x330.jpg\" data-slide-type=\"image\"><img loading=\"lazy\" decoding=\"async\" src=\"https:\/\/montajescomercialesjbecuador.com\/wp-content\/uploads\/2022\/09\/Grupo-de-14-objetos-1-scaled-260x330.jpg\" height=\"330\" width=\"260\" alt=\"\" class=\"slider-111 slide-141 msDefaultImage\" title=\"Grupo-de-14-objetos-1\" \/><\/li>\n                <li style=\"display: none; width: 100%;\" class=\"slide-142 ms-image \" aria-roledescription=\"slide\" data-date=\"2022-09-19 21:10:42\" data-filename=\"Grupo-de-14-objetos-2-scaled-260x330.jpg\" data-slide-type=\"image\"><img loading=\"lazy\" decoding=\"async\" src=\"https:\/\/montajescomercialesjbecuador.com\/wp-content\/uploads\/2022\/09\/Grupo-de-14-objetos-2-scaled-260x330.jpg\" height=\"330\" width=\"260\" alt=\"\" class=\"slider-111 slide-142 msDefaultImage\" title=\"Grupo-de-14-objetos-2\" \/><\/li>\n                <li style=\"display: none; width: 100%;\" class=\"slide-143 ms-image \" aria-roledescription=\"slide\" data-date=\"2022-09-19 21:10:42\" data-filename=\"Grupo-de-14-objetos-3-scaled-260x330.jpg\" data-slide-type=\"image\"><img loading=\"lazy\" decoding=\"async\" src=\"https:\/\/montajescomercialesjbecuador.com\/wp-content\/uploads\/2022\/09\/Grupo-de-14-objetos-3-scaled-260x330.jpg\" height=\"330\" width=\"260\" alt=\"\" class=\"slider-111 slide-143 msDefaultImage\" title=\"Grupo-de-14-objetos-3\" \/><\/li>\n                <li style=\"display: none; width: 100%;\" class=\"slide-144 ms-image \" aria-roledescription=\"slide\" data-date=\"2022-09-19 21:10:43\" data-filename=\"Grupo-de-14-objetos-scaled-260x330.jpg\" data-slide-type=\"image\"><img loading=\"lazy\" decoding=\"async\" src=\"https:\/\/montajescomercialesjbecuador.com\/wp-content\/uploads\/2022\/09\/Grupo-de-14-objetos-scaled-260x330.jpg\" height=\"330\" width=\"260\" alt=\"\" class=\"slider-111 slide-144 msDefaultImage\" title=\"Grupo-de-14-objetos\" \/><\/li>\n                <li style=\"display: none; width: 100%;\" class=\"slide-145 ms-image \" aria-roledescription=\"slide\" data-date=\"2022-09-19 21:10:43\" data-filename=\"Grupo-de-15-objetos-1-scaled-260x330.jpg\" data-slide-type=\"image\"><img loading=\"lazy\" decoding=\"async\" src=\"https:\/\/montajescomercialesjbecuador.com\/wp-content\/uploads\/2022\/09\/Grupo-de-15-objetos-1-scaled-260x330.jpg\" height=\"330\" width=\"260\" alt=\"\" class=\"slider-111 slide-145 msDefaultImage\" title=\"Grupo-de-15-objetos-1\" \/><\/li>\n                <li style=\"display: none; width: 100%;\" class=\"slide-146 ms-image \" aria-roledescription=\"slide\" data-date=\"2022-09-19 21:10:43\" data-filename=\"Grupo-de-15-objetos-2-scaled-260x330.jpg\" data-slide-type=\"image\"><img loading=\"lazy\" decoding=\"async\" src=\"https:\/\/montajescomercialesjbecuador.com\/wp-content\/uploads\/2022\/09\/Grupo-de-15-objetos-2-scaled-260x330.jpg\" height=\"330\" width=\"260\" alt=\"\" class=\"slider-111 slide-146 msDefaultImage\" title=\"Grupo-de-15-objetos-2\" \/><\/li>\n                <li style=\"display: none; width: 100%;\" class=\"slide-147 ms-image \" aria-roledescription=\"slide\" data-date=\"2022-09-19 21:10:44\" data-filename=\"Grupo-de-15-objetos-3-scaled-260x330.jpg\" data-slide-type=\"image\"><img loading=\"lazy\" decoding=\"async\" src=\"https:\/\/montajescomercialesjbecuador.com\/wp-content\/uploads\/2022\/09\/Grupo-de-15-objetos-3-scaled-260x330.jpg\" height=\"330\" width=\"260\" alt=\"\" class=\"slider-111 slide-147 msDefaultImage\" title=\"Grupo-de-15-objetos-3\" \/><\/li>\n                <li style=\"display: none; width: 100%;\" class=\"slide-148 ms-image \" aria-roledescription=\"slide\" data-date=\"2022-09-19 21:10:44\" data-filename=\"Grupo-de-15-objetos-4-scaled-260x330.jpg\" data-slide-type=\"image\"><img loading=\"lazy\" decoding=\"async\" src=\"https:\/\/montajescomercialesjbecuador.com\/wp-content\/uploads\/2022\/09\/Grupo-de-15-objetos-4-scaled-260x330.jpg\" height=\"330\" width=\"260\" alt=\"\" class=\"slider-111 slide-148 msDefaultImage\" title=\"Grupo-de-15-objetos-4\" \/><\/li>\n                <li style=\"display: none; width: 100%;\" class=\"slide-149 ms-image \" aria-roledescription=\"slide\" data-date=\"2022-09-19 21:10:45\" data-filename=\"Grupo-de-15-objetos-5-scaled-260x330.jpg\" data-slide-type=\"image\"><img loading=\"lazy\" decoding=\"async\" src=\"https:\/\/montajescomercialesjbecuador.com\/wp-content\/uploads\/2022\/09\/Grupo-de-15-objetos-5-scaled-260x330.jpg\" height=\"330\" width=\"260\" alt=\"\" class=\"slider-111 slide-149 msDefaultImage\" title=\"Grupo-de-15-objetos-5\" \/><\/li>\n                <li style=\"display: none; width: 100%;\" class=\"slide-150 ms-image \" aria-roledescription=\"slide\" data-date=\"2022-09-19 21:10:45\" data-filename=\"Grupo-de-15-objetos-6-scaled-260x330.jpg\" data-slide-type=\"image\"><img loading=\"lazy\" decoding=\"async\" src=\"https:\/\/montajescomercialesjbecuador.com\/wp-content\/uploads\/2022\/09\/Grupo-de-15-objetos-6-scaled-260x330.jpg\" height=\"330\" width=\"260\" alt=\"\" class=\"slider-111 slide-150 msDefaultImage\" title=\"Grupo-de-15-objetos-6\" \/><\/li>\n                <li style=\"display: none; width: 100%;\" class=\"slide-151 ms-image \" aria-roledescription=\"slide\" data-date=\"2022-09-19 21:10:45\" data-filename=\"Grupo-de-15-objetos-scaled-260x330.jpg\" data-slide-type=\"image\"><img loading=\"lazy\" decoding=\"async\" src=\"https:\/\/montajescomercialesjbecuador.com\/wp-content\/uploads\/2022\/09\/Grupo-de-15-objetos-scaled-260x330.jpg\" height=\"330\" width=\"260\" alt=\"\" class=\"slider-111 slide-151 msDefaultImage\" title=\"Grupo-de-15-objetos\" \/><\/li>\n            <\/ul>\n        <\/div>\n        \n    <\/div>\n<\/div><\/div>\n<\/div>\n\n\n\n<div class=\"wp-block-column is-layout-flow wp-block-column-is-layout-flow\" style=\"flex-basis:50%\">\n<ol class=\"wp-block-list\">\n<li>Obra civil y Montaje, <strong>Tienda MOVIES<\/strong>. Centro Comercial VILLAGE PLAZA \u2013 Guayaquil. Contratante: MAQUILA INTERNACIONAL DE CONFECCI\u00d3N S.A. \u00c1rea-. 68.44 m2.<\/li>\n\n\n\n<li>Obra civil y Montaje, <strong>Tienda MOVIES<\/strong>. Centro Comercial RIOCENTRO SUR \u2013 Guayaquil. Contratante: MAQUILA INTERNACIONAL DE CONFECCI\u00d3N S.A. \u00c1rea-. 88.14 m2.<\/li>\n\n\n\n<li>Obra civil y Montaje, <strong>Tienda MIC<\/strong>. Centro Comercial PASEO SHOPPING BAH\u00cdA \u2013 Bah\u00eda. Contratante: MAQUILA INTERNACIONAL DE CONFECCI\u00d3N S.A. \u00c1rea: 90.34 m2.<\/li>\n\n\n\n<li>Obra civil y Montaje<strong>, Tienda MIC<\/strong>. Centro Comercial EL RECREO \u2013 Quito. Contratante: MAQUILA INTERNACIONAL DE CONFECCI\u00d3N S.A. \u00c1rea: 90.26 m2.<\/li>\n\n\n\n<li>Obra civil y Montaje, <strong>Tienda MIC<\/strong>. Centro Comercial PASEO SHOPPING DAULE \u2013 Daule. Contratante: MAQUILA INTERNACIONAL DE CONFECCI\u00d3N S.A. \u00c1rea: 60.73 m2.<\/li>\n\n\n\n<li>Obra civil y Montaje, <strong>Tienda LITTLE MIC<\/strong>. Centro Comercial EL DORADO \u2013 Guayaquil. Contratante: MAQUILA INTERNACIONAL DE CONFECCI\u00d3N S.A. \u00c1rea: 81.92 m2.<\/li>\n\n\n\n<li>Obra civil y Montaje, <strong>Tienda MOVIES<\/strong>. Centro Comercial EL DORADO \u2013 Guayaquil. Contratante: MAQUILA INTERNACIONAL DE CONFECCI\u00d3N S.A. \u00c1rea: 92.03 m2.<\/li>\n\n\n\n<li>Obra civil y Montaje, <strong>Tienda MOVIES<\/strong>. Centro Comercial PASEO SHOPPING RIOBAMBA \u2013 Riobamba. Contratante: MAQUILA INTERNACIONAL DE CONFECCI\u00d3N S.A. \u00c1rea: 51.84 m2.<\/li>\n\n\n\n<li>Obra civil y Montaje, <strong>Tienda MOVIES<\/strong>. Centro Comercial PASEO SHOPPING AMBATO \u2013 Ambato. Contratante: MAQUILA INTERNACIONAL DE CONFECCI\u00d3N S.A. \u00c1rea: 47.51 m2.<\/li>\n\n\n\n<li>Obra civil y Montaje, <strong>Tienda MOVIES<\/strong>. Centro Comercial PASEO SHOPPING MANTA \u2013 Manta. Contratante: MAQUILA INTERNACIONAL DE CONFECCI\u00d3N S.A. \u00c1rea: 52.62 m2.<\/li>\n\n\n\n<li>Obra civil y Montaje, <strong>Tienda MIC<\/strong>. Centro Comercial PASEO SHOPPING PLAYAS \u2013 Playas. Contratante: MAQUILA INTERNACIONAL DE CONFECCI\u00d3N S.A. \u00c1rea: 41.94 m2.<\/li>\n\n\n\n<li>Obra civil y Montaje, <strong>Tienda MIC<\/strong>. Centro Comercial PASEO SHOPPING RIOBAMBA \u2013 Riobamba. Contratante: MAQUILA INTERNACIONAL DE CONFECCI\u00d3N S.A. \u00c1rea: 63.82 m2.<\/li>\n\n\n\n<li>Obra civil y Montaje, <strong>Tienda LITTLE MIC<\/strong>. Centro Comercial PASEO SHOPPING RIOBAMBA \u2013 Riobamba. Contratante: MAQUILA INTERNACIONAL DE CONFECCI\u00d3N S.A. \u00c1rea: 63.82 m2.<\/li>\n\n\n\n<li>Obra civil y Montaje, <strong>Tienda MIC<\/strong>. Centro Comercial PASEO SHOPPING QUEVEDO \u2013 Quevedo. Contratante: MAQUILA INTERNACIONAL DE CONFECCI\u00d3N S.A. \u00c1rea: 76.32 m2.<\/li>\n\n\n\n<li>Obra civil y Montaje, <strong>Tienda LITTLE MIC<\/strong>. Centro Comercial PASEO SHOPPING QUEVEDO \u2013 Quevedo. Contratante: MAQUILA INTERNACIONAL DE CONFECCI\u00d3N S.A. \u00c1rea: 76.32 m2.<\/li>\n\n\n\n<li>Obra civil y Montaje, <strong>Tienda MIC<\/strong>. Centro Comercial PASEO SHOPPING PORTOVIEJO \u2013 Portoviejo. Contratante: MAQUILA INTERNACIONAL DE CONFECCI\u00d3N S.A. \u00c1rea: 82.07 m2.<\/li>\n\n\n\n<li>Obra civil y Montaje, <strong>Tienda MIC<\/strong>. Centro Comercial PASEO SHOPPING MANTA \u2013 Manta. Contratante MAQUILA INTERNACIONAL DE CONFECCI\u00d3N S.A. \u00c1rea: 46.08 m2.<\/li>\n\n\n\n<li>Obra civil y Montaje, <strong>Tienda MIC<\/strong>. Centro Comercial RIOCENTRO SUR \u2013 Guayaquil. Contratante: MAQUILA INTERNACIONAL DE CONFECCI\u00d3N S.A. \u00c1rea: 62.15 m2.<\/li>\n\n\n\n<li>Obra civil y Montaje, <strong>Tienda MIC<\/strong>. Centro Comercial CEIBOS \u2013 Guayaquil. Contratante: MAQUILA INTERNACIONAL DE CONFECCI\u00d3N S.A. \u00c1rea: 75.86 m2.<\/li>\n\n\n\n<li>Obra civil y Montaje, <strong>Tienda LITTLE MIC<\/strong>. Centro Comercial CEIBOS \u2013 Guayaquil. Contratante: MAQUILA INTERNACIONAL DE CONFECCI\u00d3N S.A. \u00c1rea: 75.86 m2.<\/li>\n\n\n\n<li>Obra civil y Montaje, <strong>Tienda MIC<\/strong>. Centro Comercial EL DORADO \u2013 Guayaquil. Contratante: MAQUILA INTERNACIONAL DE CONFECCI\u00d3N S.A. \u00c1rea: 69.67 m2.<\/li>\n\n\n\n<li>Obra civil y Montaje, <strong>Tienda MIC<\/strong>. Centro Comercial AMBATO \u2013 Ambato. Contratante: MAQUILA INTERNACIONAL DE CONFECCI\u00d3N S.A. \u00c1rea: 67.17 m2.<\/li>\n\n\n\n<li>Obra civil y Montaje, <strong>Tienda LITTLE MIC<\/strong>. Centro Comercial AMBATO \u2013 Ambato. Contratante: MAQUILA INTERNACIONAL DE CONFECCI\u00d3N S.A. \u00c1rea: 67.17 m2.<\/li>\n\n\n\n<li>Obra civil y Montaje, <strong>Tienda MIC<\/strong>. Centro Comercial MALTER\u00cdA PLAZA \u2013 Latacunga. Contratante: MAQUILA INTERNACIONAL DE CONFECCI\u00d3N S.A. \u00c1rea: 87.92 m2.<\/li>\n\n\n\n<li>Obra civil y Montaje, <strong>Tienda MIC. <\/strong>Centro Comercial QUICENTRO SUR \u2013 Quito. Contratante: MAQUILA INTERNACIONAL DE CONFECCI\u00d3N S.A. \u00c1rea: 88.61 m2.<\/li>\n\n\n\n<li>Obra civil y Montaje, <strong>Tienda MIC. <\/strong>Centro Comercial 9 de Octubre \u2013 Guayaquil. Contratante: MAQUILA INTERNACIONAL DE CONFECCI\u00d3N S.A. \u00c1rea: 86.00 m2.<\/li>\n\n\n\n<li>Obra civil y Montaje, <strong>Tienda MOVIES<\/strong>. Centro Comercial Portal \u2013 Quito. Contratante: MAQUILA INTERNACIONAL DE CONFECCI\u00d3N S.A. \u00c1rea: 60.98 m2.<\/li>\n\n\n\n<li>Obra civil y Montaje, <strong>Tienda MIC<\/strong>. Centro Comercial Portal \u2013 Quito. Contratante: MAQUILA INTERNACIONAL DE CONFECCI\u00d3N S.A. \u00c1rea: 89.79 m2.<\/li>\n\n\n\n<li>Obra civil y Montaje, <strong>Tienda MIC<\/strong>. Centro Comercial City Mall \u2013 Guayaquil. Contratante: MAQUILA INTERNACIONAL DE CONFECCI\u00d3N S.A. \u00c1rea: 86.07 m2.<\/li>\n\n\n\n<li>Obra civil y Montaje, <strong>Tienda MOVIES<\/strong>. Centro Comercial City Mall \u2013 Guayaquil. Contratante: MAQUILA INTERNACIONAL DE CONFECCI\u00d3N S.A. \u00c1rea: 62.22 m2.<\/li>\n\n\n\n<li>Obra civil y Montaje, <strong>Tienda MIC<\/strong>. Centro Comercial Shopping Duran \u2013 Guayaquil. Contratante: MAQUILA INTERNACIONAL DE CONFECCI\u00d3N S.A. \u00c1rea: 92.13 m2.<\/li>\n\n\n\n<li>Obra civil y Montaje, <strong>Tienda MIC<\/strong>. Centro Comercial Paseo Shopping Babahoyo. Contratante: MAQUILA INTERNACIONAL DE CONFECCI\u00d3N S.A. \u00c1rea: 107.53 m2.<\/li>\n\n\n\n<li>Obra civil y Montaje, <strong>Tienda MOVIES<\/strong>. Centro Comercial Quicentro Sur \u2013 Quito. Contratante: MAQUILA INTERNACIONAL DE CONFECCI\u00d3N S.A. \u00c1rea: 69.13 m2.<\/li>\n\n\n\n<li>Obra civil y Montaje, <strong>Tienda MOVIES. <\/strong>Centro Comercial Ceibos \u2013 Guayaquil. Contratante: MAQUILA INTERNACIONAL DE CONFECCI\u00d3N S.A. \u00c1rea: 56.92 m2.<\/li>\n\n\n\n<li>Obra civil y Montaje, <strong>Tienda MOVIES<\/strong>. Centro Comercial Paseo Shopping \u2013 Playas. Contratante: MAQUILA INTERNACIONAL DE CONFECCI\u00d3N S.A. \u00c1rea: 43.14 m2.<\/li>\n\n\n\n<li>Obra civil y Montaje, <strong>Tienda MIC<\/strong>. Centro Comercial 6 de Diciembre \u2013 Quito. Contratante: MAQUILA INTERNACIONAL DE CONFECCI\u00d3N S.A. \u00c1rea: 65.49 m2.<\/li>\n\n\n\n<li>Obra civil y Montaje, <strong>Tienda MOVIES<\/strong>. Centro Comercial 6 de Diciembre \u2013 Quito. Contratante: MAQUILA INTERNACIONAL DE CONFECCI\u00d3N S.A. \u00c1rea: 56.33 m2.<\/li>\n\n\n\n<li>Obra civil y Montaje, <strong>Tienda LITTLE MIC<\/strong>. Centro Comercial EL RECREO \u2013 Quito. Contratante: MAQUILA INTERNACIONAL DE CONFECCI\u00d3N S.A. \u00c1rea: 60.98 m2.<\/li>\n\n\n\n<li>Obra civil y Montaje, <strong>Tienda MOVIES<\/strong>. Centro Comercial Ceibos \u2013 Guayaquil. Contratante: MAQUILA INTERNACIONAL DE CONFECCI\u00d3N S.A. \u00c1rea: 56.92 m2.<\/li>\n\n\n\n<li>Obra civil y Montaje, Bodegas y Oficinas <strong>MIC<\/strong>. Centro Comercial DURAN \u2013 Guayaquil. Contratante: MAQUILA INTERNACIONAL DE CONFECCI\u00d3N S.A. \u00c1rea: 238.04 m2.<\/li>\n\n\n\n<li>Obra civil y Montaje, <strong>Tienda MOVIES<\/strong>. Centro Comercial RIOCENTRO NORTE \u2013 Guayaquil. Contratante: MAQUILA INTERNACIONAL DE CONFECCI\u00d3N S.A.<\/li>\n\n\n\n<li>Obra civil y Montaje, <strong>Tienda MIC<\/strong>. Centro Comercial RIOCENTRO NORTE \u2013 Guayaquil. Contratante: MAQUILA INTERNACIONAL DE CONFECCI\u00d3N S.A.<\/li>\n\n\n\n<li>Obra civil y Montaje, <strong>Tienda LITTLE MIC<\/strong>. Centro Comercial CITY MALL \u2013 Guayaquil. Contratante: MAQUILA INTERNACIONAL DE CONFECCI\u00d3N S.A.<\/li>\n\n\n\n<li>Obra civil y Montaje, <strong>Tienda MOVIES<\/strong>. Centro Comercial PASEO SHOPPING Bah\u00eda \u2013 Guayaquil. Contratante: MAQUILA INTERNACIONAL DE CONFECCI\u00d3N S.A.<\/li>\n\n\n\n<li>Obra civil y Montaje, <strong>Tienda MOVIES<\/strong>. Centro Comercial PORTAL SHOPPING \u2013 Quito. Contratante: MAQUILA INTERNACIONAL DE CONFECCI\u00d3N S.A. \u00c1rea: 110.00 m2.<\/li>\n\n\n\n<li>Obra civil y Montaje Almac\u00e9n <strong>PAYLESS<\/strong>. Sangolqui, Ecuador. Contratante: PAYLESS SHOESOURCE.<\/li>\n\n\n\n<li>Obra civil y Montaje Almac\u00e9n <strong>PAYLESS<\/strong>. Centro comercial PASEO SHOPPING, locales 30, 31 y 32 \u2013 Quevedo, Ecuador. Contratante: PAYLESS SHOESOURCE. \u00c1rea: 244 m2.<\/li>\n\n\n\n<li>Obra civil y Montaje<strong>, Tienda MOVIES<\/strong>. Centro Comercial Malter\u00eda Plaza \u2013 Latacunga. Contratante: MAQUILA INTERNACIONAL DE CONFECCI\u00d3N S.A. \u00c1rea: 68.76 m2.<\/li>\n\n\n\n<li>Obra civil y Montaje, <strong>Tienda MIC<\/strong>. Centro Comercial \u2013 Quito. Contratante: MAQUILA INTERNACIONAL DE CONFECCI\u00d3N S.A. \u00c1rea: 154.22 m2.<\/li>\n\n\n\n<li>Ampliaci\u00f3n, <strong>Tienda MIC<\/strong>. Centro Comercial Riocentro Norte \u2013 Guayaquil. Contratante: MAQUILA INTERNACIONAL DE CONFECCI\u00d3N S.A. \u00c1rea: 144.80 m2.<\/li>\n\n\n\n<li>Obra civil y Montaje, <strong>Tienda MOVIES<\/strong>. Centro Comercial Paseo Shopping \u2013 Ambato. Contratante: MAQUILA INTERNACIONAL DE CONFECCI\u00d3N S.A. \u00c1rea: 67.45 m2.<\/li>\n\n\n\n<li>Obra civil y Montaje, <strong>Tienda MIC<\/strong>. Centro Comercial Los Andes \u2013 Ambato. Contratante: MAQUILA INTERNACIONAL DE CONFECCI\u00d3N S.A. \u00c1rea: 156.06 m2.<\/li>\n\n\n\n<li>Obra civil y Montaje, <strong>Tienda MOVIES<\/strong>. Mall del R\u00edo \u2013 Cuenca. Contratante: MAQUILA INTERNACIONAL DE CONFECCI\u00d3N S.A. \u00c1rea: 76.41 m2.<\/li>\n\n\n\n<li>Obra civil y Montaje, <strong>Tienda MIC<\/strong>. Centro Comercial Riocentro Norte \u2013 Guayaquil. Contratante: MAQUILA INTERNACIONAL DE CONFECCI\u00d3N S.A. \u00c1rea: 112.00 m2.<\/li>\n\n\n\n<li>Obra civil y Montaje, <strong>Tienda MOVIES<\/strong>. Mall del Pac\u00edfico \u2013 Manta. Contratante: MAQUILA INTERNACIONAL DE CONFECCI\u00d3N S.A. \u00c1rea: 59.04 m2.<\/li>\n<\/ol>\n<\/div>\n\n\n\n<div class=\"wp-block-column is-layout-flow wp-block-column-is-layout-flow\" style=\"flex-basis:25%\"><\/div>\n<\/div>\n","protected":false},"excerpt":{"rendered":"","protected":false},"author":1,"featured_media":0,"parent":0,"menu_order":0,"comment_status":"closed","ping_status":"closed","template":"template-pagebuilder.php","meta":{"om_disable_all_campaigns":false,"_monsterinsights_skip_tracking":false,"_monsterinsights_sitenote_active":false,"_monsterinsights_sitenote_note":"","_monsterinsights_sitenote_category":0,"footnotes":""},"class_list":["post-61","page","type-page","status-publish","hentry"],"aioseo_notices":[],"_links":{"self":[{"href":"https:\/\/montajescomercialesjbecuador.com\/index.php\/wp-json\/wp\/v2\/pages\/61","targetHints":{"allow":["GET"]}}],"collection":[{"href":"https:\/\/montajescomercialesjbecuador.com\/index.php\/wp-json\/wp\/v2\/pages"}],"about":[{"href":"https:\/\/montajescomercialesjbecuador.com\/index.php\/wp-json\/wp\/v2\/types\/page"}],"author":[{"embeddable":true,"href":"https:\/\/montajescomercialesjbecuador.com\/index.php\/wp-json\/wp\/v2\/users\/1"}],"replies":[{"embeddable":true,"href":"https:\/\/montajescomercialesjbecuador.com\/index.php\/wp-json\/wp\/v2\/comments?post=61"}],"version-history":[{"count":2,"href":"https:\/\/montajescomercialesjbecuador.com\/index.php\/wp-json\/wp\/v2\/pages\/61\/revisions"}],"predecessor-version":[{"id":366,"href":"https:\/\/montajescomercialesjbecuador.com\/index.php\/wp-json\/wp\/v2\/pages\/61\/revisions\/366"}],"wp:attachment":[{"href":"https:\/\/montajescomercialesjbecuador.com\/index.php\/wp-json\/wp\/v2\/media?parent=61"}],"curies":[{"name":"wp","href":"https:\/\/api.w.org\/{rel}","templated":true}]}}