{"id":48,"date":"2022-08-29T09:26:59","date_gmt":"2022-08-29T09:26:59","guid":{"rendered":"https:\/\/montajescomercialesjbecuador.com\/?page_id=48"},"modified":"2022-09-19T22:03:26","modified_gmt":"2022-09-19T22:03:26","slug":"empresa","status":"publish","type":"page","link":"https:\/\/montajescomercialesjbecuador.com\/index.php\/empresa\/","title":{"rendered":"EMPRESA"},"content":{"rendered":"\n<div style=\"height:49px\" aria-hidden=\"true\" class=\"wp-block-spacer\"><\/div>\n\n\n\n<div class=\"wp-block-columns is-layout-flex wp-container-core-columns-is-layout-9d6595d7 wp-block-columns-is-layout-flex\">\n<div class=\"wp-block-column is-layout-flow wp-block-column-is-layout-flow\" style=\"flex-basis:25%\"><\/div>\n\n\n\n<div class=\"wp-block-column is-layout-flow wp-block-column-is-layout-flow\" style=\"flex-basis:50%\">\n<p><strong>MONTAJES COMERCIALES JB ECUADOR S.A.S.<\/strong> es una empresa integral que presta sus servicios especializados en arquitectura, construcci\u00f3n de obras civiles, reparaciones f\u00edsicas y mantenimiento de tipo preventivo-correctivo en todo tipo de edificaciones a NIVEL NACIONAL.<\/p>\n\n\n\n<p>La prestaci\u00f3n de los servicios esta encaminado en el desarrollo de obras civiles que comprende dise\u00f1o, construcci\u00f3n, reformas, adecuaciones, restauraciones y montajes.<\/p>\n\n\n\n<p>Trabajamos bajo el flexible y conveniente esquema de outsourcing o contrataci\u00f3n directa externa, representando esto, m\u00faltiples beneficios para el cliente.<\/p>\n\n\n\n<p>Nuestro lema es trabajar hacia la satisfacci\u00f3n del cliente mediante el suministro eficaz de los servicios con costos competitivos, con el cumplimiento de las especificaciones contractuales, los est\u00e1ndares y las normas t\u00e9cnicas aplicables, ya que estamos comprometidos con la excelencia, porque nuestra prioridad es un \u201cExcelente Servicio\u201d.<\/p>\n\n\n\n<p>&#8212;&#8212;&#8212;&#8212;&#8212;&#8212;&#8212;&#8212;&#8212;&#8212;&#8212;&#8212;&#8212;&#8212;&#8212;&#8212;&#8212;&#8212;&#8212;&#8212;&#8212;&#8212;&#8212;&#8212;&#8212;&#8212;&#8212;&#8212;&#8212;&#8212;&#8212;&#8212;&#8212;&#8212;&#8212;&#8212;&#8212;&#8212;&#8212;&#8212;&#8212;&#8212;&#8212;&#8212;&#8212;&#8212;&#8212;&#8212;&#8212;&#8212;&#8212;&#8212;&#8212;&#8212;&#8212;&#8212;&#8212;&#8212;&#8212;&#8212;&#8212;&#8212;&#8212;&#8212;<\/p>\n\n\n\n<p>Algunos de nuestros clientes:<\/p>\n\n\n\n<div class=\"alignnormal\"><div id=\"metaslider-id-168\" style=\"max-width: 350px;\" class=\"ml-slider-3-107-0 metaslider metaslider-coin metaslider-168 ml-slider ms-theme-default\" role=\"region\" aria-label=\"Clientes Ecuador\" data-height=\"150\" data-width=\"350\">\n    <div id=\"metaslider_container_168\">\n        <div id='metaslider_168' class='coin-slider'>\n<a href=\"javascript:void(0)\" target=\"_self\"><img loading=\"lazy\" decoding=\"async\" src=\"https:\/\/montajescomercialesjbecuador.com\/wp-content\/uploads\/2022\/09\/Movies-1-350x150.jpg\" height=\"150\" width=\"350\" alt=\"\" class=\"slider-168 slide-169 msDefaultImage\" title=\"Movies-1\" style=\"display: none;\" \/><\/a>\n<a href=\"javascript:void(0)\" target=\"_self\"><img loading=\"lazy\" decoding=\"async\" src=\"https:\/\/montajescomercialesjbecuador.com\/wp-content\/uploads\/2022\/09\/Payless-350x150.jpg\" height=\"150\" width=\"350\" alt=\"\" class=\"slider-168 slide-170 msDefaultImage\" title=\"Payless\" style=\"display: none;\" \/><\/a>\n<a href=\"javascript:void(0)\" target=\"_self\"><img loading=\"lazy\" decoding=\"async\" src=\"https:\/\/montajescomercialesjbecuador.com\/wp-content\/uploads\/2022\/09\/Little-MIC-1-350x150.jpg\" height=\"150\" width=\"350\" alt=\"\" class=\"slider-168 slide-171 msDefaultImage\" title=\"Little-MIC-1\" style=\"display: none;\" \/><\/a>\n<a href=\"javascript:void(0)\" target=\"_self\"><img loading=\"lazy\" decoding=\"async\" src=\"https:\/\/montajescomercialesjbecuador.com\/wp-content\/uploads\/2022\/09\/MIC-1-350x150.jpg\" height=\"150\" width=\"350\" alt=\"\" class=\"slider-168 slide-172 msDefaultImage\" title=\"MIC-1\" style=\"display: none;\" \/><\/a>\n        <\/div>\n        \n    <\/div>\n<\/div><\/div>\n<\/div>\n\n\n\n<div class=\"wp-block-column is-layout-flow wp-block-column-is-layout-flow\" style=\"flex-basis:25%\"><\/div>\n<\/div>\n","protected":false},"excerpt":{"rendered":"<p>MONTAJES COMERCIALES JB ECUADOR S.A.S. es una empresa integral que presta sus servicios especializados en arquitectura, construcci\u00f3n de obras civiles, reparaciones f\u00edsicas y mantenimiento de tipo preventivo-correctivo en todo tipo de edificaciones a NIVEL NACIONAL. La prestaci\u00f3n de los servicios&hellip;<\/p>\n","protected":false},"author":1,"featured_media":0,"parent":0,"menu_order":0,"comment_status":"closed","ping_status":"closed","template":"template-pagebuilder.php","meta":{"om_disable_all_campaigns":false,"_monsterinsights_skip_tracking":false,"_monsterinsights_sitenote_active":false,"_monsterinsights_sitenote_note":"","_monsterinsights_sitenote_category":0,"footnotes":""},"class_list":["post-48","page","type-page","status-publish","hentry"],"aioseo_notices":[],"_links":{"self":[{"href":"https:\/\/montajescomercialesjbecuador.com\/index.php\/wp-json\/wp\/v2\/pages\/48","targetHints":{"allow":["GET"]}}],"collection":[{"href":"https:\/\/montajescomercialesjbecuador.com\/index.php\/wp-json\/wp\/v2\/pages"}],"about":[{"href":"https:\/\/montajescomercialesjbecuador.com\/index.php\/wp-json\/wp\/v2\/types\/page"}],"author":[{"embeddable":true,"href":"https:\/\/montajescomercialesjbecuador.com\/index.php\/wp-json\/wp\/v2\/users\/1"}],"replies":[{"embeddable":true,"href":"https:\/\/montajescomercialesjbecuador.com\/index.php\/wp-json\/wp\/v2\/comments?post=48"}],"version-history":[{"count":0,"href":"https:\/\/montajescomercialesjbecuador.com\/index.php\/wp-json\/wp\/v2\/pages\/48\/revisions"}],"wp:attachment":[{"href":"https:\/\/montajescomercialesjbecuador.com\/index.php\/wp-json\/wp\/v2\/media?parent=48"}],"curies":[{"name":"wp","href":"https:\/\/api.w.org\/{rel}","templated":true}]}}